{"id":24,"date":"2026-04-04T21:35:09","date_gmt":"2026-04-04T21:35:09","guid":{"rendered":"https:\/\/gabrielolivet.fr\/?page_id=24"},"modified":"2026-04-16T23:14:42","modified_gmt":"2026-04-16T23:14:42","slug":"master-in-art","status":"publish","type":"page","link":"https:\/\/www.gabrielolivet.fr\/?page_id=24","title":{"rendered":"Master in Art"},"content":{"rendered":"\n<div class=\"wp-block-cover aligncenter\" style=\"margin-top:0;margin-bottom:0;padding-top:var(--wp--preset--spacing--50);padding-right:var(--wp--preset--spacing--50);padding-bottom:var(--wp--preset--spacing--50);padding-left:var(--wp--preset--spacing--50);min-height:100vh;aspect-ratio:unset;\"><img loading=\"lazy\" decoding=\"async\" width=\"1024\" height=\"844\" class=\"wp-block-cover__image-background wp-image-10 size-large\" alt=\"\" src=\"https:\/\/gabrielolivet.fr\/wp-content\/uploads\/2026\/04\/art-fish1-1024x844.jpg\" data-object-fit=\"cover\" srcset=\"https:\/\/www.gabrielolivet.fr\/wp-content\/uploads\/2026\/04\/art-fish1-1024x844.jpg 1024w, https:\/\/www.gabrielolivet.fr\/wp-content\/uploads\/2026\/04\/art-fish1-300x247.jpg 300w, https:\/\/www.gabrielolivet.fr\/wp-content\/uploads\/2026\/04\/art-fish1-768x633.jpg 768w, https:\/\/www.gabrielolivet.fr\/wp-content\/uploads\/2026\/04\/art-fish1-1536x1267.jpg 1536w, https:\/\/www.gabrielolivet.fr\/wp-content\/uploads\/2026\/04\/art-fish1.jpg 1677w\" sizes=\"auto, (max-width: 1024px) 100vw, 1024px\" \/><span aria-hidden=\"true\" class=\"wp-block-cover__background has-background-dim-10 has-background-dim\" style=\"background-color:#616160\"><\/span><div class=\"wp-block-cover__inner-container is-layout-constrained wp-container-core-cover-is-layout-2a19be95 wp-block-cover-is-layout-constrained\">\n<div class=\"wp-block-group alignwide is-content-justification-left is-layout-constrained wp-container-core-group-is-layout-12dd3699 wp-block-group-is-layout-constrained\">\n<h2 class=\"wp-block-heading has-text-align-left has-xx-large-font-size\">Sculpteur m\u00e9tal<\/h2>\n\n\n\n<p><\/p>\n\n\n\n<div class=\"wp-block-buttons is-layout-flex wp-block-buttons-is-layout-flex\"><\/div>\n<\/div>\n<\/div><\/div>\n\n\n\n<div class=\"wp-block-group alignfull is-style-section-5 is-layout-constrained wp-block-group-is-layout-constrained\" style=\"margin-top:0;margin-bottom:0;padding-top:var(--wp--preset--spacing--50);padding-bottom:var(--wp--preset--spacing--50)\">\n<div class=\"wp-block-columns alignwide is-layout-flex wp-container-core-columns-is-layout-7ee84d44 wp-block-columns-is-layout-flex\">\n<div class=\"wp-block-column is-vertically-aligned-center is-layout-flow wp-block-column-is-layout-flow\" style=\"flex-basis:50%\">\n<h2 class=\"wp-block-heading\"><\/h2>\n\n\n\n<p class=\"has-medium-font-size\">Ensuite quelques ann\u00e9es plus tard je m\u2019int\u00e9ressais \u00e0 la question du bronze \u02ddComment \u00e7a marche&nbsp;? Quel est la technique&nbsp;? \u02dd<\/p>\n\n\n\n<p class=\"has-dark-color has-text-color has-link-color wp-elements-cfb6584763b49311240bcb535475a285\">De ce fait, \u00e0 l\u2019arriv\u00e9e d\u2019internet la premi\u00e8re chose que j\u2019ai tap\u00e9e sur google \u02ddstage de fonderie d\u2019art \u02dd.&nbsp;Je tombe sur une formation d\u2019initiation et me voil\u00e0 parti dans le sud \u00e0 Orange o\u00f9 je d\u00e9couvre toutes les techniques. \u02ddQuel processus&nbsp;! quelle merveille&nbsp;!<\/p>\n\n\n\n<p class=\"has-foreground-color has-text-color has-link-color wp-elements-fcb1c0139bc7153dca12ac2f6a6de8a9\">En contrepartie le co\u00fbt du mat\u00e9riel pour mettre au point une fonderie chez moi dans mon petit atelier me laissait dubitatif et me d\u00e9courageait. Mais par la suite, quelques ann\u00e9es plus tard, la question me hantait encore, alors je retrouve un centre de formation dans les Landes pendant lequel je me prends d\u2019amiti\u00e9 avec un stagiaire. Nous ne nous sommes plus quitt\u00e9s et avons pass\u00e9 dix ans \u00e0 travailler ensemble. Dix ann\u00e9es de labeur d\u2019acharnement, de progression, jusqu\u2019\u00e0 obtenir un niveau d\u2019excellence.&nbsp; \u02dd Des pi\u00e8ces sans d\u00e9fauts, fines, des noyaux ferm\u00e9s\u2026\u02dd<\/p>\n\n\n\n<p class=\"has-foreground-color has-text-color has-link-color wp-elements-d950048a7ff2eae0363026079e68b05b\">Puis enfin, plus tard voyant le co\u00fbt de la r\u00e9alisation d\u2019une pi\u00e8ce en bronze entre l\u2019\u00e9nergie, le m\u00e9tal et les produits de moulages, etc\u2026, je m\u2019aventure dans l\u2019exp\u00e9rience de la soudure&nbsp;; je parcours les tas de d\u00e9chets chez les ferrailleurs et j\u2019exp\u00e9rimente mes premiers assemblages.<\/p>\n\n\n\n<p class=\"has-foreground-color has-text-color has-link-color wp-elements-b1f08104dc13b9afc477e5c500028299\">Une nouvelle aventure commence le grand C\u00e9sar lui-m\u00eame a eu la m\u00eame d\u00e9marche, il s\u2019est mis \u00e0 la soudure car faute de moyens \u00e0 ses d\u00e9buts, il ne pouvait&nbsp; financer la fonderie de ses pi\u00e8ces.<\/p>\n<\/div>\n\n\n\n<div class=\"wp-block-column is-vertically-aligned-center is-layout-flow wp-block-column-is-layout-flow\" style=\"flex-basis:50%\">\n<figure class=\"wp-block-image size-large\"><img loading=\"lazy\" decoding=\"async\" width=\"1024\" height=\"902\" src=\"https:\/\/gabrielolivet.fr\/wp-content\/uploads\/2026\/04\/art-fish3-1024x902.jpg\" alt=\"\" class=\"wp-image-26\" srcset=\"https:\/\/www.gabrielolivet.fr\/wp-content\/uploads\/2026\/04\/art-fish3-1024x902.jpg 1024w, https:\/\/www.gabrielolivet.fr\/wp-content\/uploads\/2026\/04\/art-fish3-300x264.jpg 300w, https:\/\/www.gabrielolivet.fr\/wp-content\/uploads\/2026\/04\/art-fish3-768x677.jpg 768w, https:\/\/www.gabrielolivet.fr\/wp-content\/uploads\/2026\/04\/art-fish3-1536x1353.jpg 1536w, https:\/\/www.gabrielolivet.fr\/wp-content\/uploads\/2026\/04\/art-fish3.jpg 2048w\" sizes=\"auto, (max-width: 1024px) 100vw, 1024px\" \/><\/figure>\n<\/div>\n<\/div>\n<\/div>\n\n\n\n<div class=\"wp-block-group alignfull is-layout-constrained wp-container-core-group-is-layout-08655630 wp-block-group-is-layout-constrained\" style=\"margin-top:0;margin-bottom:0;padding-top:var(--wp--preset--spacing--80);padding-bottom:var(--wp--preset--spacing--80)\">\n<div class=\"wp-block-group alignwide is-layout-flow wp-block-group-is-layout-flow\">\n<div style=\"height:var(--wp--preset--spacing--40)\" aria-hidden=\"true\" class=\"wp-block-spacer\"><\/div>\n<\/div>\n\n\n\n<figure class=\"wp-block-gallery has-nested-images columns-default is-cropped wp-block-gallery-1 is-layout-flex wp-block-gallery-is-layout-flex\">\n<figure class=\"wp-block-image size-large\"><img loading=\"lazy\" decoding=\"async\" width=\"498\" height=\"1024\" data-id=\"29\" src=\"https:\/\/gabrielolivet.fr\/wp-content\/uploads\/2026\/04\/art-monkey-498x1024.jpg\" alt=\"\" class=\"wp-image-29\" srcset=\"https:\/\/www.gabrielolivet.fr\/wp-content\/uploads\/2026\/04\/art-monkey-498x1024.jpg 498w, https:\/\/www.gabrielolivet.fr\/wp-content\/uploads\/2026\/04\/art-monkey-146x300.jpg 146w, https:\/\/www.gabrielolivet.fr\/wp-content\/uploads\/2026\/04\/art-monkey.jpg 640w\" sizes=\"auto, (max-width: 498px) 100vw, 498px\" \/><\/figure>\n\n\n\n<figure class=\"wp-block-image size-large\"><img loading=\"lazy\" decoding=\"async\" width=\"493\" height=\"1024\" data-id=\"28\" src=\"https:\/\/gabrielolivet.fr\/wp-content\/uploads\/2026\/04\/art-tiger-493x1024.jpg\" alt=\"\" class=\"wp-image-28\" srcset=\"https:\/\/www.gabrielolivet.fr\/wp-content\/uploads\/2026\/04\/art-tiger-493x1024.jpg 493w, https:\/\/www.gabrielolivet.fr\/wp-content\/uploads\/2026\/04\/art-tiger-144x300.jpg 144w, https:\/\/www.gabrielolivet.fr\/wp-content\/uploads\/2026\/04\/art-tiger-768x1595.jpg 768w, https:\/\/www.gabrielolivet.fr\/wp-content\/uploads\/2026\/04\/art-tiger-740x1536.jpg 740w, https:\/\/www.gabrielolivet.fr\/wp-content\/uploads\/2026\/04\/art-tiger.jpg 832w\" sizes=\"auto, (max-width: 493px) 100vw, 493px\" \/><\/figure>\n\n\n\n<figure class=\"wp-block-image size-large\"><img loading=\"lazy\" decoding=\"async\" width=\"1024\" height=\"498\" data-id=\"27\" src=\"https:\/\/gabrielolivet.fr\/wp-content\/uploads\/2026\/04\/art-bull1-1024x498.jpg\" alt=\"\" class=\"wp-image-27\" srcset=\"https:\/\/www.gabrielolivet.fr\/wp-content\/uploads\/2026\/04\/art-bull1-1024x498.jpg 1024w, https:\/\/www.gabrielolivet.fr\/wp-content\/uploads\/2026\/04\/art-bull1-300x146.jpg 300w, https:\/\/www.gabrielolivet.fr\/wp-content\/uploads\/2026\/04\/art-bull1-768x373.jpg 768w, https:\/\/www.gabrielolivet.fr\/wp-content\/uploads\/2026\/04\/art-bull1-1536x747.jpg 1536w, https:\/\/www.gabrielolivet.fr\/wp-content\/uploads\/2026\/04\/art-bull1.jpg 1728w\" sizes=\"auto, (max-width: 1024px) 100vw, 1024px\" \/><\/figure>\n\n\n\n<figure class=\"wp-block-image size-large\"><img loading=\"lazy\" decoding=\"async\" width=\"768\" height=\"1024\" data-id=\"105\" src=\"https:\/\/gabrielolivet.fr\/wp-content\/uploads\/2026\/04\/senechalerie-768x1024.jpg\" alt=\"\" class=\"wp-image-105\" srcset=\"https:\/\/www.gabrielolivet.fr\/wp-content\/uploads\/2026\/04\/senechalerie-768x1024.jpg 768w, https:\/\/www.gabrielolivet.fr\/wp-content\/uploads\/2026\/04\/senechalerie-225x300.jpg 225w, https:\/\/www.gabrielolivet.fr\/wp-content\/uploads\/2026\/04\/senechalerie-1152x1536.jpg 1152w, https:\/\/www.gabrielolivet.fr\/wp-content\/uploads\/2026\/04\/senechalerie-1170x1560.jpg 1170w, https:\/\/www.gabrielolivet.fr\/wp-content\/uploads\/2026\/04\/senechalerie.jpg 1200w\" sizes=\"auto, (max-width: 768px) 100vw, 768px\" \/><\/figure>\n\n\n\n<figure class=\"wp-block-image size-large\"><img loading=\"lazy\" decoding=\"async\" width=\"689\" height=\"1024\" data-id=\"106\" src=\"https:\/\/gabrielolivet.fr\/wp-content\/uploads\/2026\/04\/senechalerie2-689x1024.jpg\" alt=\"\" class=\"wp-image-106\" srcset=\"https:\/\/www.gabrielolivet.fr\/wp-content\/uploads\/2026\/04\/senechalerie2-689x1024.jpg 689w, https:\/\/www.gabrielolivet.fr\/wp-content\/uploads\/2026\/04\/senechalerie2-202x300.jpg 202w, https:\/\/www.gabrielolivet.fr\/wp-content\/uploads\/2026\/04\/senechalerie2-768x1141.jpg 768w, https:\/\/www.gabrielolivet.fr\/wp-content\/uploads\/2026\/04\/senechalerie2.jpg 802w\" sizes=\"auto, (max-width: 689px) 100vw, 689px\" \/><\/figure>\n<\/figure>\n<\/div>\n\n\n\n<p><\/p>\n","protected":false},"excerpt":{"rendered":"<p>Ensuite quelques ann\u00e9es plus tard je m\u2019int\u00e9ressais \u00e0 la question du bronze \u02ddComment \u00e7a marche&nbsp;? Quel est la technique&nbsp;? \u02dd De ce fait, \u00e0 l\u2019arriv\u00e9e d\u2019internet la premi\u00e8re chose que j\u2019ai tap\u00e9e sur google \u02ddstage de fonderie d\u2019art \u02dd.&nbsp;Je tombe sur une formation d\u2019initiation et me voil\u00e0 parti dans le sud \u00e0 Orange o\u00f9 je [&hellip;]<\/p>\n","protected":false},"author":1,"featured_media":0,"parent":0,"menu_order":3,"comment_status":"closed","ping_status":"closed","template":"","meta":{"footnotes":""},"class_list":["post-24","page","type-page","status-publish","hentry"],"yoast_head":"<!-- This site is optimized with the Yoast SEO plugin v27.4 - https:\/\/yoast.com\/product\/yoast-seo-wordpress\/ -->\n<title>Master in Art - GABY, MA\u00ceTRE EN PIERRE<\/title>\n<meta name=\"robots\" content=\"index, follow, max-snippet:-1, max-image-preview:large, max-video-preview:-1\" \/>\n<link rel=\"canonical\" href=\"https:\/\/www.gabrielolivet.fr\/?page_id=24\" \/>\n<meta property=\"og:locale\" content=\"fr_FR\" \/>\n<meta property=\"og:type\" content=\"article\" \/>\n<meta property=\"og:title\" content=\"Master in Art - GABY, MA\u00ceTRE EN PIERRE\" \/>\n<meta property=\"og:description\" content=\"Ensuite quelques ann\u00e9es plus tard je m\u2019int\u00e9ressais \u00e0 la question du bronze \u02ddComment \u00e7a marche&nbsp;? Quel est la technique&nbsp;? \u02dd De ce fait, \u00e0 l\u2019arriv\u00e9e d\u2019internet la premi\u00e8re chose que j\u2019ai tap\u00e9e sur google \u02ddstage de fonderie d\u2019art \u02dd.&nbsp;Je tombe sur une formation d\u2019initiation et me voil\u00e0 parti dans le sud \u00e0 Orange o\u00f9 je [&hellip;]\" \/>\n<meta property=\"og:url\" content=\"https:\/\/www.gabrielolivet.fr\/?page_id=24\" \/>\n<meta property=\"og:site_name\" content=\"GABY, MA\u00ceTRE EN PIERRE\" \/>\n<meta property=\"article:modified_time\" content=\"2026-04-16T23:14:42+00:00\" \/>\n<meta property=\"og:image\" content=\"https:\/\/www.gabrielolivet.fr\/wp-content\/uploads\/2026\/04\/art-fish1.jpg\" \/>\n\t<meta property=\"og:image:width\" content=\"1677\" \/>\n\t<meta property=\"og:image:height\" content=\"1383\" \/>\n\t<meta property=\"og:image:type\" content=\"image\/jpeg\" \/>\n<meta name=\"twitter:card\" content=\"summary_large_image\" \/>\n<meta name=\"twitter:label1\" content=\"Dur\u00e9e de lecture estim\u00e9e\" \/>\n\t<meta name=\"twitter:data1\" content=\"1 minute\" \/>\n<script type=\"application\/ld+json\" class=\"yoast-schema-graph\">{\"@context\":\"https:\\\/\\\/schema.org\",\"@graph\":[{\"@type\":\"WebPage\",\"@id\":\"https:\\\/\\\/www.gabrielolivet.fr\\\/?page_id=24\",\"url\":\"https:\\\/\\\/www.gabrielolivet.fr\\\/?page_id=24\",\"name\":\"Master in Art - GABY, MA\u00ceTRE EN PIERRE\",\"isPartOf\":{\"@id\":\"https:\\\/\\\/www.gabrielolivet.fr\\\/#website\"},\"primaryImageOfPage\":{\"@id\":\"https:\\\/\\\/www.gabrielolivet.fr\\\/?page_id=24#primaryimage\"},\"image\":{\"@id\":\"https:\\\/\\\/www.gabrielolivet.fr\\\/?page_id=24#primaryimage\"},\"thumbnailUrl\":\"https:\\\/\\\/gabrielolivet.fr\\\/wp-content\\\/uploads\\\/2026\\\/04\\\/art-fish1-1024x844.jpg\",\"datePublished\":\"2026-04-04T21:35:09+00:00\",\"dateModified\":\"2026-04-16T23:14:42+00:00\",\"breadcrumb\":{\"@id\":\"https:\\\/\\\/www.gabrielolivet.fr\\\/?page_id=24#breadcrumb\"},\"inLanguage\":\"fr-FR\",\"potentialAction\":[{\"@type\":\"ReadAction\",\"target\":[\"https:\\\/\\\/www.gabrielolivet.fr\\\/?page_id=24\"]}]},{\"@type\":\"ImageObject\",\"inLanguage\":\"fr-FR\",\"@id\":\"https:\\\/\\\/www.gabrielolivet.fr\\\/?page_id=24#primaryimage\",\"url\":\"https:\\\/\\\/gabrielolivet.fr\\\/wp-content\\\/uploads\\\/2026\\\/04\\\/art-fish1-1024x844.jpg\",\"contentUrl\":\"https:\\\/\\\/gabrielolivet.fr\\\/wp-content\\\/uploads\\\/2026\\\/04\\\/art-fish1-1024x844.jpg\"},{\"@type\":\"BreadcrumbList\",\"@id\":\"https:\\\/\\\/www.gabrielolivet.fr\\\/?page_id=24#breadcrumb\",\"itemListElement\":[{\"@type\":\"ListItem\",\"position\":1,\"name\":\"Accueil\",\"item\":\"https:\\\/\\\/www.gabrielolivet.fr\\\/\"},{\"@type\":\"ListItem\",\"position\":2,\"name\":\"Master in Art\"}]},{\"@type\":\"WebSite\",\"@id\":\"https:\\\/\\\/www.gabrielolivet.fr\\\/#website\",\"url\":\"https:\\\/\\\/www.gabrielolivet.fr\\\/\",\"name\":\"GABY, MA\u00ceTRE EN PIERRE\",\"description\":\"\",\"potentialAction\":[{\"@type\":\"SearchAction\",\"target\":{\"@type\":\"EntryPoint\",\"urlTemplate\":\"https:\\\/\\\/www.gabrielolivet.fr\\\/?s={search_term_string}\"},\"query-input\":{\"@type\":\"PropertyValueSpecification\",\"valueRequired\":true,\"valueName\":\"search_term_string\"}}],\"inLanguage\":\"fr-FR\"}]}<\/script>\n<!-- \/ Yoast SEO plugin. -->","yoast_head_json":{"title":"Master in Art - GABY, MA\u00ceTRE EN PIERRE","robots":{"index":"index","follow":"follow","max-snippet":"max-snippet:-1","max-image-preview":"max-image-preview:large","max-video-preview":"max-video-preview:-1"},"canonical":"https:\/\/www.gabrielolivet.fr\/?page_id=24","og_locale":"fr_FR","og_type":"article","og_title":"Master in Art - GABY, MA\u00ceTRE EN PIERRE","og_description":"Ensuite quelques ann\u00e9es plus tard je m\u2019int\u00e9ressais \u00e0 la question du bronze \u02ddComment \u00e7a marche&nbsp;? Quel est la technique&nbsp;? \u02dd De ce fait, \u00e0 l\u2019arriv\u00e9e d\u2019internet la premi\u00e8re chose que j\u2019ai tap\u00e9e sur google \u02ddstage de fonderie d\u2019art \u02dd.&nbsp;Je tombe sur une formation d\u2019initiation et me voil\u00e0 parti dans le sud \u00e0 Orange o\u00f9 je [&hellip;]","og_url":"https:\/\/www.gabrielolivet.fr\/?page_id=24","og_site_name":"GABY, MA\u00ceTRE EN PIERRE","article_modified_time":"2026-04-16T23:14:42+00:00","og_image":[{"width":1677,"height":1383,"url":"https:\/\/www.gabrielolivet.fr\/wp-content\/uploads\/2026\/04\/art-fish1.jpg","type":"image\/jpeg"}],"twitter_card":"summary_large_image","twitter_misc":{"Dur\u00e9e de lecture estim\u00e9e":"1 minute"},"schema":{"@context":"https:\/\/schema.org","@graph":[{"@type":"WebPage","@id":"https:\/\/www.gabrielolivet.fr\/?page_id=24","url":"https:\/\/www.gabrielolivet.fr\/?page_id=24","name":"Master in Art - GABY, MA\u00ceTRE EN PIERRE","isPartOf":{"@id":"https:\/\/www.gabrielolivet.fr\/#website"},"primaryImageOfPage":{"@id":"https:\/\/www.gabrielolivet.fr\/?page_id=24#primaryimage"},"image":{"@id":"https:\/\/www.gabrielolivet.fr\/?page_id=24#primaryimage"},"thumbnailUrl":"https:\/\/gabrielolivet.fr\/wp-content\/uploads\/2026\/04\/art-fish1-1024x844.jpg","datePublished":"2026-04-04T21:35:09+00:00","dateModified":"2026-04-16T23:14:42+00:00","breadcrumb":{"@id":"https:\/\/www.gabrielolivet.fr\/?page_id=24#breadcrumb"},"inLanguage":"fr-FR","potentialAction":[{"@type":"ReadAction","target":["https:\/\/www.gabrielolivet.fr\/?page_id=24"]}]},{"@type":"ImageObject","inLanguage":"fr-FR","@id":"https:\/\/www.gabrielolivet.fr\/?page_id=24#primaryimage","url":"https:\/\/gabrielolivet.fr\/wp-content\/uploads\/2026\/04\/art-fish1-1024x844.jpg","contentUrl":"https:\/\/gabrielolivet.fr\/wp-content\/uploads\/2026\/04\/art-fish1-1024x844.jpg"},{"@type":"BreadcrumbList","@id":"https:\/\/www.gabrielolivet.fr\/?page_id=24#breadcrumb","itemListElement":[{"@type":"ListItem","position":1,"name":"Accueil","item":"https:\/\/www.gabrielolivet.fr\/"},{"@type":"ListItem","position":2,"name":"Master in Art"}]},{"@type":"WebSite","@id":"https:\/\/www.gabrielolivet.fr\/#website","url":"https:\/\/www.gabrielolivet.fr\/","name":"GABY, MA\u00ceTRE EN PIERRE","description":"","potentialAction":[{"@type":"SearchAction","target":{"@type":"EntryPoint","urlTemplate":"https:\/\/www.gabrielolivet.fr\/?s={search_term_string}"},"query-input":{"@type":"PropertyValueSpecification","valueRequired":true,"valueName":"search_term_string"}}],"inLanguage":"fr-FR"}]}},"_links":{"self":[{"href":"https:\/\/www.gabrielolivet.fr\/index.php?rest_route=\/wp\/v2\/pages\/24","targetHints":{"allow":["GET"]}}],"collection":[{"href":"https:\/\/www.gabrielolivet.fr\/index.php?rest_route=\/wp\/v2\/pages"}],"about":[{"href":"https:\/\/www.gabrielolivet.fr\/index.php?rest_route=\/wp\/v2\/types\/page"}],"author":[{"embeddable":true,"href":"https:\/\/www.gabrielolivet.fr\/index.php?rest_route=\/wp\/v2\/users\/1"}],"replies":[{"embeddable":true,"href":"https:\/\/www.gabrielolivet.fr\/index.php?rest_route=%2Fwp%2Fv2%2Fcomments&post=24"}],"version-history":[{"count":7,"href":"https:\/\/www.gabrielolivet.fr\/index.php?rest_route=\/wp\/v2\/pages\/24\/revisions"}],"predecessor-version":[{"id":324,"href":"https:\/\/www.gabrielolivet.fr\/index.php?rest_route=\/wp\/v2\/pages\/24\/revisions\/324"}],"wp:attachment":[{"href":"https:\/\/www.gabrielolivet.fr\/index.php?rest_route=%2Fwp%2Fv2%2Fmedia&parent=24"}],"curies":[{"name":"wp","href":"https:\/\/api.w.org\/{rel}","templated":true}]}}